{"id":1460,"date":"2018-01-29T16:10:00","date_gmt":"2018-01-29T16:10:00","guid":{"rendered":"https:\/\/isolan.com.br\/armacell\/?page_id=1460"},"modified":"2019-06-18T17:46:34","modified_gmt":"2019-06-18T20:46:34","slug":"servicos","status":"publish","type":"page","link":"https:\/\/isolan.com.br\/armacell\/servicos\/","title":{"rendered":"Servi\u00e7os"},"content":{"rendered":"<div class=\"wpb-content-wrapper\"><p>[vc_row][vc_column][vc_column_text]A Isolan possui equipes especializadas para desenvolver trabalhos com Qualidade e Seguran\u00e7a em v\u00e1rias frentes.[\/vc_column_text]<div class=\"services-main-inner eq-blog-main service-style-v3\"><div class=\"row\">\r\n\t\t\t\t<div class=\"col-md-4 col-sm-6 col-xs-12\">\r\n\t\t\t      \t<div class=\"services-row-list eq-blog-list overlay-outer margin-bottom-50\">\r\n\t\t\t        \t<div class=\"services-small-icon\">\r\n\t\t\t          \t\t<a href=\"https:\/\/isolan.com.br\/armacell\/service\/isolamento-termico\/\"><img decoding=\"async\" src=\"https:\/\/isolan.com.br\/armacell\/wp-content\/uploads\/Icone-Isolamento-1.png\" alt=\"Icone-Isolamento-1\"><\/a>\r\n\t\t\t          \t\t<h5>Isolamento T\u00e9rmico<\/h5>\r\n\t\t\t        \t<\/div>\r\n\t\t\t        \t<div class=\"services-image\">\r\n\t\t\t          \t\t<a href=\"https:\/\/isolan.com.br\/armacell\/service\/isolamento-termico\/\">\r\n\t\t\t            \t\t<img decoding=\"async\" src=\"https:\/\/isolan.com.br\/armacell\/wp-content\/uploads\/Isolamento1-1-370x140.jpg\" alt=\"Isolamento T\u00e9rmico\">\r\n\t\t\t            \t\t<div class=\"overlay-bg\"><\/div>\r\n\t\t\t          \t\t<\/a>\r\n\t\t\t        \t<\/div>\r\n\t\t\t        \t<div class=\"services-content\"><p>Equipe especializada para a Instala\u00e7\u00e3o de Isolantes T\u00e9rmicos e Ac\u00fasticos na Ind\u00fastria.<\/p><a href=\"https:\/\/isolan.com.br\/armacell\/service\/isolamento-termico\/\" class=\"btn-orange\">Veja mais<\/a>\r\n\t\t\t        \t<\/div>\r\n\t\t\t      \t<\/div>\r\n\t\t\t    <\/div>\r\n\t\t\t\t<div class=\"col-md-4 col-sm-6 col-xs-12\">\r\n\t\t\t      \t<div class=\"services-row-list eq-blog-list overlay-outer margin-bottom-50\">\r\n\t\t\t        \t<div class=\"services-small-icon\">\r\n\t\t\t          \t\t<a href=\"https:\/\/isolan.com.br\/armacell\/service\/andaime\/\"><img decoding=\"async\" src=\"https:\/\/isolan.com.br\/armacell\/wp-content\/uploads\/Icone-Andaime.png\" alt=\"Icone-Andaime\"><\/a>\r\n\t\t\t          \t\t<h5>Andaimes<\/h5>\r\n\t\t\t        \t<\/div>\r\n\t\t\t        \t<div class=\"services-image\">\r\n\t\t\t          \t\t<a href=\"https:\/\/isolan.com.br\/armacell\/service\/andaime\/\">\r\n\t\t\t            \t\t<img decoding=\"async\" src=\"https:\/\/isolan.com.br\/armacell\/wp-content\/uploads\/Andaime3-1-370x140.jpg\" alt=\"Andaimes\">\r\n\t\t\t            \t\t<div class=\"overlay-bg\"><\/div>\r\n\t\t\t          \t\t<\/a>\r\n\t\t\t        \t<\/div>\r\n\t\t\t        \t<div class=\"services-content\"><p>Estamos aptos para atend\u00ea-los em qualquer obra que exija acesso com agilidade e seguran\u00e7a.<\/p><a href=\"https:\/\/isolan.com.br\/armacell\/service\/andaime\/\" class=\"btn-orange\">Veja mais<\/a>\r\n\t\t\t        \t<\/div>\r\n\t\t\t      \t<\/div>\r\n\t\t\t    <\/div>\r\n\t\t\t\t<div class=\"col-md-4 col-sm-6 col-xs-12\">\r\n\t\t\t      \t<div class=\"services-row-list eq-blog-list overlay-outer margin-bottom-50\">\r\n\t\t\t        \t<div class=\"services-small-icon\">\r\n\t\t\t          \t\t<a href=\"https:\/\/isolan.com.br\/armacell\/service\/manutencao\/\"><img decoding=\"async\" src=\"\" alt=\"\"><\/a>\r\n\t\t\t          \t\t<h5>Manuten\u00e7\u00e3o<\/h5>\r\n\t\t\t        \t<\/div>\r\n\t\t\t        \t<div class=\"services-image\">\r\n\t\t\t          \t\t<a href=\"https:\/\/isolan.com.br\/armacell\/service\/manutencao\/\">\r\n\t\t\t            \t\t<img decoding=\"async\" src=\"\" alt=\"\">\r\n\t\t\t            \t\t<div class=\"overlay-bg\"><\/div>\r\n\t\t\t          \t\t<\/a>\r\n\t\t\t        \t<\/div>\r\n\t\t\t        \t<div class=\"services-content\"><p>O pacote de servi\u00e7os para manter seu patrim\u00f4nio sempre bem cuidado.<\/p><a href=\"https:\/\/isolan.com.br\/armacell\/service\/manutencao\/\" class=\"btn-orange\">Veja mais<\/a>\r\n\t\t\t        \t<\/div>\r\n\t\t\t      \t<\/div>\r\n\t\t\t    <\/div><\/div><\/div>[\/vc_column][\/vc_row]<\/p>\n<\/div>","protected":false},"excerpt":{"rendered":"<p>[vc_row][vc_column][vc_column_text]A Isolan possui equipes especializadas para desenvolver trabalhos com Qualidade e Seguran\u00e7a em v\u00e1rias frentes.[\/vc_column_text][\/vc_column][\/vc_row]<\/p>\n","protected":false},"author":1,"featured_media":0,"parent":0,"menu_order":0,"comment_status":"closed","ping_status":"closed","template":"","meta":{"footnotes":""},"class_list":["post-1460","page","type-page","status-publish","hentry"],"_links":{"self":[{"href":"https:\/\/isolan.com.br\/armacell\/wp-json\/wp\/v2\/pages\/1460","targetHints":{"allow":["GET"]}}],"collection":[{"href":"https:\/\/isolan.com.br\/armacell\/wp-json\/wp\/v2\/pages"}],"about":[{"href":"https:\/\/isolan.com.br\/armacell\/wp-json\/wp\/v2\/types\/page"}],"author":[{"embeddable":true,"href":"https:\/\/isolan.com.br\/armacell\/wp-json\/wp\/v2\/users\/1"}],"replies":[{"embeddable":true,"href":"https:\/\/isolan.com.br\/armacell\/wp-json\/wp\/v2\/comments?post=1460"}],"version-history":[{"count":10,"href":"https:\/\/isolan.com.br\/armacell\/wp-json\/wp\/v2\/pages\/1460\/revisions"}],"predecessor-version":[{"id":2181,"href":"https:\/\/isolan.com.br\/armacell\/wp-json\/wp\/v2\/pages\/1460\/revisions\/2181"}],"wp:attachment":[{"href":"https:\/\/isolan.com.br\/armacell\/wp-json\/wp\/v2\/media?parent=1460"}],"curies":[{"name":"wp","href":"https:\/\/api.w.org\/{rel}","templated":true}]}}