{"id":1468,"date":"2018-01-29T16:21:30","date_gmt":"2018-01-29T16:21:30","guid":{"rendered":"https:\/\/isolan.com.br\/armacell\/?page_id=1468"},"modified":"2019-06-18T17:38:07","modified_gmt":"2019-06-18T20:38:07","slug":"empresa","status":"publish","type":"page","link":"https:\/\/isolan.com.br\/armacell\/empresa\/","title":{"rendered":"Empresa"},"content":{"rendered":"<div class=\"wpb-content-wrapper\"><p>[vc_row][vc_column width=&#8221;2\/3&#8243;][vc_column_text]Fundada em 1988, a Isolan se tornou ao longo de sua hist\u00f3ria uma das maiores Distribuidoras de Isolantes T\u00e9rmicos e Ac\u00fasticos do Brasil. Com o mercado consolidado, atendemos todo o territ\u00f3rio nacional.<br \/>\nAl\u00e9m dos melhores Isolantes, a Isolan se orgulha de ter a mais qualificada m\u00e3o de obra para desenvolver Projetos e na Execu\u00e7\u00e3o.<br \/>\nDistribu\u00edmos produtos que proporcionam grande economia de energia, ponto importante na conserva\u00e7\u00e3o do meio ambiente e redu\u00e7\u00e3o nos custos de gera\u00e7\u00e3o.<br \/>\nEstrategicamente localizada, nossa sede com escrit\u00f3rio e dep\u00f3sito est\u00e1 pr\u00f3xima as principais rodovias do pa\u00eds e pouco mais de 30 km do Aeroporto Internacional de Viracopos.[\/vc_column_text][\/vc_column][vc_column width=&#8221;1\/3&#8243;]\r\n\t<div class=\"video-popup-outer-v4\">\r\n\t\t<a href=\"https:\/\/www.youtube.com\/watch?v=kwZMggheJDU\" class=\"video-popup play-btn\"><\/a>\r\n\t\t<a href=\"https:\/\/www.youtube.com\/watch?v=kwZMggheJDU\" class=\"video-popup popup-over\"><img decoding=\"async\" src=\"https:\/\/isolan.com.br\/armacell\/wp-content\/uploads\/Fundo-V\u00eddeo.png\" alt=\"Fundo V\u00eddeo\" class=\"f-width\"><\/a>\r\n\t<\/div>[\/vc_column][\/vc_row][vc_row css=&#8221;.vc_custom_1517587801239{padding-top: 30px !important;}&#8221;][vc_column][vc_empty_space height=&#8221;50px&#8221;]<div class=\"text-center\"><h3 style=\"color:\">Miss\u00e3o<\/h3><div class=\"edge-seprator\"><\/div><\/div>[vc_column_text]Oferecer solu\u00e7\u00f5es com Materiais e M\u00e3o de Obra especializada em Isola\u00e7\u00e3o T\u00e9rmica e Ac\u00fastica, aliando Qualidade, Seguran\u00e7a e Garantia.<br \/>\nDifundir o uso dos Isolantes T\u00e9rmicos na Ind\u00fastria e na Constru\u00e7\u00e3o Civil com a inten\u00e7\u00e3o de incentivar e colaborar com a Redu\u00e7\u00e3o no Consumo de Energia.[\/vc_column_text]<div class=\"text-center\"><h3 style=\"color:\">VALORES<\/h3><div class=\"edge-seprator\"><\/div><\/div>[vc_column_text]Oferecer aos Clientes solu\u00e7\u00f5es de forma \u00c9tica e Transparente, respeitando as regras e valores de mercado e de nossa sociedade. Aos nossos Fornecedores e Colaboradores, honestidade e transpar\u00eancia em todas as opera\u00e7\u00f5es, com incentivo ao crescimento e desenvolvimento.[\/vc_column_text][vc_empty_space][\/vc_column][\/vc_row][vc_row full_width=&#8221;stretch_row_content&#8221; content_placement=&#8221;middle&#8221; parallax=&#8221;content-moving&#8221; css=&#8221;.vc_custom_1521661190240{margin-bottom: 0px !important;background: rgba(33,58,80,0.7) url(https:\/\/isolan.com.br\/armacell\/wp-content\/uploads\/Obra.jpg?id=1976);*background-color:gb(33,58,80) !important;}&#8221;][vc_column css=&#8221;.vc_custom_1517844423414{padding-top: 150px !important;padding-bottom: 150px !important;padding-left: 30px !important;background-color: rgba(33,58,80,0.7) !important;*background-color: rgb(33,58,80) !important;}&#8221;][vc_column_text]<\/p>\n<h3><\/h3>\n<h3><span style=\"color: #ffffff;\">TRABALHE COM A GENTE<\/span><\/h3>\n<h1><strong><span style=\"color: #ffffff;\">Obras com Confian\u00e7a, Qualidade<br \/>\ne Seguran\u00e7a desde 1988.<\/span><\/strong><\/h1>\n<p>[\/vc_column_text]<div class=\"text-left left mvb-button\"><a href=\"http:\/\/isolan.com.br\/contato\" class=\"btn-orange btn-white btn-shape-square btn-size-medium\" target=\"_self\" id=\"construction-178430609369f81e5c9038c\">Quero um Or\u00e7amento<\/a><\/div>[\/vc_column][\/vc_row][vc_row css=&#8221;.vc_custom_1517587831359{padding-top: 50px !important;}&#8221;][vc_column]<div class=\"text-center\"><h3 style=\"color:\">Somos Diferentes<\/h3><div class=\"edge-seprator\"><\/div><\/div>[\/vc_column][vc_column width=&#8221;1\/3&#8243;]\r\n\t\t<div class=\"icon-item text-center icon-box-v1\">\r\n\t\t\t<div class=\"icon-outer margin-bottom-30\">\r\n\t        \t<a href=\"javascript:void(0);\"><i class=\"fa fa-truck\" style=\" font-size:50px;\"><\/i>\r\n\t        \t<\/a>\r\n\t      \t<\/div>\r\n\t      \t<div class=\"icon-content\">\r\n\t        \t<h5>Distribuidora<\/h5>\r\n\t        \t<p>A Isolan est\u00e1 entre as maiores Distribuidoras de Isolantes T\u00e9rmicos do Brasil. Trabalha com as melhores marcas do mercado.<\/p>\r\n\t      \t<\/div>\r\n\t    <\/div>[\/vc_column][vc_column width=&#8221;1\/3&#8243;]\r\n\t\t<div class=\"icon-item text-center icon-box-v1\">\r\n\t\t\t<div class=\"icon-outer margin-bottom-30\">\r\n\t        \t<a href=\"javascript:void(0);\"><i class=\"fa fa-users\" style=\" font-size:50px;\"><\/i>\r\n\t        \t<\/a>\r\n\t      \t<\/div>\r\n\t      \t<div class=\"icon-content\">\r\n\t        \t<h5>M\u00e3o de Obra Especializada<\/h5>\r\n\t        \t<p>A Isolan conta com uma equipe especializada e treinada, seguindo as Normas de Qualidade, Seguran\u00e7a e Meio Ambiente.<\/p>\r\n\t      \t<\/div>\r\n\t    <\/div>[\/vc_column][vc_column width=&#8221;1\/3&#8243;]\r\n\t\t<div class=\"icon-item text-center icon-box-v1\">\r\n\t\t\t<div class=\"icon-outer margin-bottom-30\">\r\n\t        \t<a href=\"javascript:void(0);\"><i class=\"fa fa-bar-chart\" style=\" font-size:50px;\"><\/i>\r\n\t        \t<\/a>\r\n\t      \t<\/div>\r\n\t      \t<div class=\"icon-content\">\r\n\t        \t<h5>Efici\u00eancia<\/h5>\r\n\t        \t<p>Com uma estrutura leve e enxuta, conseguimos atender com rapidez e efici\u00eancia.<\/p>\r\n\t      \t<\/div>\r\n\t    <\/div>[\/vc_column][\/vc_row]<\/p>\n<\/div>","protected":false},"excerpt":{"rendered":"<p>[vc_row][vc_column width=&#8221;2\/3&#8243;][vc_column_text]Fundada em 1988, a Isolan se tornou ao longo de sua hist\u00f3ria uma das maiores Distribuidoras de Isolantes T\u00e9rmicos e Ac\u00fasticos do Brasil. Com o mercado consolidado, atendemos todo o territ\u00f3rio nacional. Al\u00e9m dos melhores Isolantes, a Isolan se orgulha de ter a mais qualificada m\u00e3o de obra para desenvolver Projetos e na Execu\u00e7\u00e3o. [&hellip;]<\/p>\n","protected":false},"author":1,"featured_media":0,"parent":0,"menu_order":0,"comment_status":"closed","ping_status":"closed","template":"","meta":{"footnotes":""},"class_list":["post-1468","page","type-page","status-publish","hentry"],"_links":{"self":[{"href":"https:\/\/isolan.com.br\/armacell\/wp-json\/wp\/v2\/pages\/1468","targetHints":{"allow":["GET"]}}],"collection":[{"href":"https:\/\/isolan.com.br\/armacell\/wp-json\/wp\/v2\/pages"}],"about":[{"href":"https:\/\/isolan.com.br\/armacell\/wp-json\/wp\/v2\/types\/page"}],"author":[{"embeddable":true,"href":"https:\/\/isolan.com.br\/armacell\/wp-json\/wp\/v2\/users\/1"}],"replies":[{"embeddable":true,"href":"https:\/\/isolan.com.br\/armacell\/wp-json\/wp\/v2\/comments?post=1468"}],"version-history":[{"count":14,"href":"https:\/\/isolan.com.br\/armacell\/wp-json\/wp\/v2\/pages\/1468\/revisions"}],"predecessor-version":[{"id":2179,"href":"https:\/\/isolan.com.br\/armacell\/wp-json\/wp\/v2\/pages\/1468\/revisions\/2179"}],"wp:attachment":[{"href":"https:\/\/isolan.com.br\/armacell\/wp-json\/wp\/v2\/media?parent=1468"}],"curies":[{"name":"wp","href":"https:\/\/api.w.org\/{rel}","templated":true}]}}