{"id":587,"date":"2017-03-09T09:45:28","date_gmt":"2017-03-09T09:45:28","guid":{"rendered":"http:\/\/www.hirewordpressdeveloper.in\/themes\/construction\/?page_id=587"},"modified":"2026-01-09T09:13:19","modified_gmt":"2026-01-09T12:13:19","slug":"contato","status":"publish","type":"page","link":"https:\/\/isolan.com.br\/armacell\/contato\/","title":{"rendered":"Contato"},"content":{"rendered":"<div class=\"wpb-content-wrapper\"><p>[vc_row css=&#8221;.vc_custom_1489053346283{padding-top: 55px !important;padding-bottom: 55px !important;}&#8221;][vc_column width=&#8221;4\/12&#8243;]<div class=\"text-left\"><h3 style=\"color:\">REDES SOCIAIS<\/h3><div class=\"edge-seprator\"><\/div><\/div>[vc_column_text]<\/p>\n<p style=\"text-align: left;\">Voc\u00ea pode manter contato com a gente pelas Redes Sociais.<\/p>\n<p>[\/vc_column_text][\/vc_column][vc_column width=&#8221;8\/12&#8243;]<div class=\"text-left\"><h3 style=\"color:\">Entre em Contato<\/h3><div class=\"edge-seprator\"><\/div><\/div>[vc_column_text css=&#8221;&#8221;]Este \u00e9 o seu canal de comunica\u00e7\u00e3o com a Isolan. Envie um e-mail para\u00a0<a href=\"mailto:comercial@isolan.com.br\">comercial@isolan.com.br<\/a>\u00a0ou pelo Whatsapp.<\/p>\n<p>Voc\u00ea tamb\u00e9m pode nos acompanhar nas redes sociais.[\/vc_column_text]<div class=\"text-left\"><h3 style=\"color:\">ENDERE\u00c7O<\/h3><div class=\"edge-seprator\"><\/div><\/div>[vc_column_text css=&#8221;&#8221;]Avenida Santa Isabel, 305<br \/>\nDistrito de Bar\u00e3o Geraldo, Campinas, S\u00e3o Paulo<\/p>\n<p><a href=\"https:\/\/wa.me\/551932892125\" target=\"_blank\" rel=\"noopener\"><strong>+55 (19) 3289-2125<\/strong><\/a><\/p>\n<p><strong>N\u00c3O POSSU\u00cdMOS FILIAIS<\/strong>[\/vc_column_text]<div class=\"text-left\"><h3 style=\"color:\">HOR\u00c1RIOS DE FUNCIONAMENTO<\/h3><div class=\"edge-seprator\"><\/div><\/div>[vc_column_text css=&#8221;&#8221;]Segunda a Quinta:\u00a0<strong>07:30 \u00e0s 17:00<\/strong><br \/>\nSexta-feira:\u00a0<strong>07:30 \u00e0s 16:00<\/strong><br \/>\nS\u00e1bados e Domingos:\u00a0<strong>Fechado<\/strong><\/p>\n<p><strong>N\u00c3O POSSU\u00cdMOS FILIAIS<\/strong>[\/vc_column_text][\/vc_column][\/vc_row][vc_row full_width=&#8221;stretch_row_content_no_spaces&#8221;][vc_column]\r\n\t<div id=\"mapXXkGg\" style=\"width:100%; height:500px;\"><\/div>\r\n\r\n\t<script type=\"text\/javascript\">\r\n\tjQuery(document).ready(function($){\r\n\t\tvar token = 'XXkGg';\r\n\t\tvar map_marker = 'yes';\r\n\t\tvar html = 'Avenida Santa Isabel, 305 - Distrito de Bar\u00e3o Geraldo - Campinas - S\u00e3o Paulo';\r\n\t\t\r\n\t\t\/\/ Initialize google map\r\n\t\tvar map;\r\n\t\tfunction initialize(){\r\n\r\n\t\t  \t\/\/ Set google map property\r\n\t\t  \tvar myCenter = new google.maps.LatLng(-22.8259366, -47.0816724);\r\n\t\t  \tvar mapProp = {\r\n\t\t  \t\tscrollwheel: false,\r\n\t\t      \tcenter : myCenter,\r\n\t\t      \tzoom : 17,\r\n\t\t      \tmapTypeId : google.maps.MapTypeId.ROADMAP,\t\t      \t\r\n\t\t  \t};\r\n\t\t  \tvar map = new google.maps.Map(document.getElementById(\"map\"+token), mapProp);\r\n\t\t  \t\r\n\t\t  \tif( map_marker == 'yes' ){\r\n\t\t\t  \t\/\/ Set google map marker\r\n\t\t\t  \tvar marker = new google.maps.Marker({\r\n\t\t\t      \tposition : myCenter,\r\n\t\t\t      \ticon : 'https:\/\/isolan.com.br\/armacell\/wp-content\/uploads\/map-marker-2-512-e1493302085441.png',\r\n\t\t\t      \ttitle : 'Avenida Santa Isabel, 305 - Distrito de Bar\u00e3o Geraldo - Campinas - S\u00e3o Paulo',\r\n\t\t\t  \t});\r\n\t\t\t\tmarker.setMap(map);\r\n\r\n\t\t\t\tif( html != '' ){\r\n\t\t\t\t\tvar infowindow = new google.maps.InfoWindow({\r\n\t    \t\t\t\tcontent: 'Avenida Santa Isabel, 305 - Distrito de Bar\u00e3o Geraldo - Campinas - S\u00e3o Paulo'\r\n\t  \t\t\t\t});\r\n\r\n\t\t\t\t\tmarker.addListener('click', function() {\r\n\t\t\t\t\t    infowindow.open(map, marker);\r\n\t\t\t\t\t});\r\n\t\t\t\t}\r\n\t\t\t}\r\n\t\t}\r\n\t\t\/\/ Check google map ID is available or not\r\n\t\tif(document.getElementById(\"map\"+token) != null ){\r\n\t\t  \tgoogle.maps.event.addDomListener(window, 'load', initialize);   \r\n\t\t}\r\n\t});\r\n\t<\/script>[\/vc_column][\/vc_row]<\/p>\n<\/div>","protected":false},"excerpt":{"rendered":"<p>[vc_row css=&#8221;.vc_custom_1489053346283{padding-top: 55px !important;padding-bottom: 55px !important;}&#8221;][vc_column width=&#8221;4\/12&#8243;][vc_column_text] Voc\u00ea pode manter contato com a gente pelas Redes Sociais. [\/vc_column_text][\/vc_column][vc_column width=&#8221;8\/12&#8243;][vc_column_text css=&#8221;&#8221;]Este \u00e9 o seu canal de comunica\u00e7\u00e3o com a Isolan. Envie um e-mail para\u00a0comercial@isolan.com.br\u00a0ou pelo Whatsapp. Voc\u00ea tamb\u00e9m pode nos acompanhar nas redes sociais.[\/vc_column_text][vc_column_text css=&#8221;&#8221;]Avenida Santa Isabel, 305 Distrito de Bar\u00e3o Geraldo, Campinas, S\u00e3o Paulo +55 [&hellip;]<\/p>\n","protected":false},"author":1,"featured_media":0,"parent":0,"menu_order":0,"comment_status":"closed","ping_status":"closed","template":"templates\/vc-page-template.php","meta":{"footnotes":""},"class_list":["post-587","page","type-page","status-publish","hentry"],"_links":{"self":[{"href":"https:\/\/isolan.com.br\/armacell\/wp-json\/wp\/v2\/pages\/587","targetHints":{"allow":["GET"]}}],"collection":[{"href":"https:\/\/isolan.com.br\/armacell\/wp-json\/wp\/v2\/pages"}],"about":[{"href":"https:\/\/isolan.com.br\/armacell\/wp-json\/wp\/v2\/types\/page"}],"author":[{"embeddable":true,"href":"https:\/\/isolan.com.br\/armacell\/wp-json\/wp\/v2\/users\/1"}],"replies":[{"embeddable":true,"href":"https:\/\/isolan.com.br\/armacell\/wp-json\/wp\/v2\/comments?post=587"}],"version-history":[{"count":14,"href":"https:\/\/isolan.com.br\/armacell\/wp-json\/wp\/v2\/pages\/587\/revisions"}],"predecessor-version":[{"id":2577,"href":"https:\/\/isolan.com.br\/armacell\/wp-json\/wp\/v2\/pages\/587\/revisions\/2577"}],"wp:attachment":[{"href":"https:\/\/isolan.com.br\/armacell\/wp-json\/wp\/v2\/media?parent=587"}],"curies":[{"name":"wp","href":"https:\/\/api.w.org\/{rel}","templated":true}]}}