{"id":1548,"date":"2018-02-05T17:59:44","date_gmt":"2018-02-05T20:59:44","guid":{"rendered":"https:\/\/isolan.com.br\/armacell\/?post_type=product&#038;p=1548"},"modified":"2023-01-23T16:33:24","modified_gmt":"2023-01-23T19:33:24","slug":"armaflex-c1br","status":"publish","type":"product","link":"https:\/\/isolan.com.br\/armacell\/produtos\/armaflex-c1br\/","title":{"rendered":"Espuma Elastom\u00e9rica Armaflex C1BR"},"content":{"rendered":"<div class=\"wpb-content-wrapper\"><p>[vc_row 0=&#8221;&#8221;][vc_column 0=&#8221;&#8221;][vc_column_text 0=&#8221;&#8221;]Isolante t\u00e9rmico em espuma elastom\u00e9rica de c\u00e9lulas fechadas em forma de mantas e tubos, flex\u00edvel e de alto desempenho. Indicado para isola\u00e7\u00f5es em baixas temperaturas e sistemas de aquecimento, com \u00f3tima performance entre -50\u00baC a +110\u00baC.<\/p>\n<blockquote><p>ISOLAMENTO T\u00c9RMICO PARA BAIXAS E M\u00c9DIAS TEMPERATURAS<\/p><\/blockquote>\n<p>Por ser bastante vers\u00e1teis, os tubos e mantas de espuma elastom\u00e9rica s\u00e3o perfeitos para sistemas de climatiza\u00e7\u00e3o e aquecimento solar, com\u00e9rcio, laborat\u00f3rios e ind\u00fastrias em geral. Em caso de inc\u00eandio, o produto \u00e9 auto-extingu\u00edvel, n\u00e3o goteja e n\u00e3o propaga chama.<\/p>\n<p>Na Isolan voc\u00ea encontra a espuma elastom\u00e9rica dispon\u00edvel em forma de Tubos e Mantas simples e <a href=\"https:\/\/isolan.com.br\/armacell\/produtos\/manta-armaduct\/\">Manta Armaduct<\/a> (manta com faces metalizadas e\/ou adesivadas), al\u00e9m de todos os acess\u00f3rios para aplica\u00e7\u00e3o. Para o dimensionamento correto, entre em contato com nosso departamento de vendas.[\/vc_column_text][\/vc_column][\/vc_row][vc_row 0=&#8221;&#8221;][vc_column 0=&#8221;&#8221;]<div class=\"text-left\"><h2 style=\"color:\">LINHA ARMAFLEX C1BR<\/h2><div class=\"edge-seprator\"><\/div><\/div>[vc_column_text 0=&#8221;&#8221;]<strong>PROPRIEDADES<\/strong><\/p>\n\n<table id=\"tablepress-8\" class=\"tablepress tablepress-id-8\">\n<thead>\n<tr class=\"row-1\">\n\t<th class=\"column-1\">Propriedades<\/th><th class=\"column-2\">Valor \/ Qualifica\u00e7\u00e3o<\/th><th class=\"column-3\">Observa\u00e7\u00f5es<\/th>\n<\/tr>\n<\/thead>\n<tbody class=\"row-striping row-hover\">\n<tr class=\"row-2\">\n\t<td class=\"column-1\">Temperatura de trabalho<\/td><td class=\"column-2\">-50\u00baC a +110\u00baC<\/td><td class=\"column-3\"><\/td>\n<\/tr>\n<tr class=\"row-3\">\n\t<td class=\"column-1\">Condutividade t\u00e9rmica<\/td><td class=\"column-2\">\u2264 0,034 W\/(m.K) a 0\u00baC<\/td><td class=\"column-3\">ASTM C177<\/td>\n<\/tr>\n<tr class=\"row-4\">\n\t<td class=\"column-1\">Fator de resist\u00eancia a difus\u00e3o de vapor de \u00e1gua<\/td><td class=\"column-2\">\u00b5 \u2265 7000<\/td><td class=\"column-3\">ASTM E96<\/td>\n<\/tr>\n<tr class=\"row-5\">\n\t<td class=\"column-1\">Resist\u00eancia ao fogo<\/td><td class=\"column-2\">V0<\/td><td class=\"column-3\">UL - 94<\/td>\n<\/tr>\n<tr class=\"row-6\">\n\t<td class=\"column-1\">Comportamento em caso de inc\u00eandio<\/td><td class=\"column-2\">Auto-extingu\u00edvel, n\u00e3o goteja e n\u00e3o propaga chama.<\/td><td class=\"column-3\"><\/td>\n<\/tr>\n<\/tbody>\n<\/table>\n<!-- #tablepress-8 from cache -->\n<p><strong>TABELA DE DIMENS\u00d5ES<\/strong><\/p>\n<p>\n<table id=\"tablepress-9\" class=\"tablepress tablepress-id-9 tbody-has-connected-cells\">\n<thead>\n<tr class=\"row-1\">\n\t<th colspan=\"2\" class=\"column-1\"><center>Tubula\u00e7\u00e3o em cobre<br \/>\n(Cu)<\/center><\/th><th colspan=\"2\" class=\"column-3\"><center>Tubula\u00e7\u00e3o em ferro<br \/>\n(Fe)<\/th><th class=\"column-5\"><center>Tubos C1 Armaflex BR<\/th><th class=\"column-6\"><center>Espessura 9mm<\/th><th class=\"column-7\"><center>Espessura 13mm<\/th><th class=\"column-8\"><center>Espessura 19mm<\/th>\n<\/tr>\n<\/thead>\n<tbody class=\"row-striping row-hover\">\n<tr class=\"row-2\">\n\t<td class=\"column-1\"><center>Di\u00e2metro Externo (mm)<\/td><td class=\"column-2\"><center>Di\u00e2metro Nominal (Polegadas)<\/td><td class=\"column-3\"><center>Di\u00e2metro Nominal (Polegadas)<\/td><td class=\"column-4\"><center>Di\u00e2metro Externo (mm)<\/td><td class=\"column-5\"><center>Di\u00e2metro Interno<br \/>\nMin-M\u00e1x.<br \/>\n(mm)<\/td><td class=\"column-6\"><center>Ref.<\/td><td class=\"column-7\"><center>Ref. <\/td><td class=\"column-8\"><center>Ref.<\/td>\n<\/tr>\n<tr class=\"row-3\">\n\t<td class=\"column-1\"><center>6<\/td><td class=\"column-2\"><center>1\/4\"<\/td><td class=\"column-3\"><center>-<\/td><td class=\"column-4\"><center>-<\/td><td class=\"column-5\"><center>7,0<\/td><td class=\"column-6\"><center>C1 F 006<\/td><td class=\"column-7\"><center>C1 H 006<\/td><td class=\"column-8\"><center>C1 M 006<\/td>\n<\/tr>\n<tr class=\"row-4\">\n\t<td class=\"column-1\"><center>10<\/td><td class=\"column-2\"><center>3\/8\"<\/td><td class=\"column-3\"><center>1\/8\"<\/td><td class=\"column-4\"><center>10,2<\/td><td class=\"column-5\"><center>11,0<\/td><td class=\"column-6\"><center>C1 F 010<\/td><td class=\"column-7\"><center>C1 H 010<\/td><td class=\"column-8\"><center>C1 M 010<\/td>\n<\/tr>\n<tr class=\"row-5\">\n\t<td class=\"column-1\"><center>12<\/td><td class=\"column-2\"><center>1\/2\"<\/td><td class=\"column-3\"><center>-<\/td><td class=\"column-4\"><center>-<\/td><td class=\"column-5\"><center>13,0<\/td><td class=\"column-6\"><center>C1 F 012<\/td><td class=\"column-7\"><center>C1 H 012<\/td><td class=\"column-8\"><center>C1 M 012<\/td>\n<\/tr>\n<tr class=\"row-6\">\n\t<td class=\"column-1\"><center>15<\/td><td class=\"column-2\"><center>5\/8\"<\/td><td class=\"column-3\"><center>1\/4\"<\/td><td class=\"column-4\"><center>13,5<\/td><td class=\"column-5\"><center>16,0<\/td><td class=\"column-6\"><center>C1 F 015<\/td><td class=\"column-7\"><center>C1 H 015<\/td><td class=\"column-8\"><center>C1 M 015<\/td>\n<\/tr>\n<tr class=\"row-7\">\n\t<td class=\"column-1\"><center>18<\/td><td class=\"column-2\"><center>3\/4\"<\/td><td class=\"column-3\"><center>3\/8\"<\/td><td class=\"column-4\"><center>17,2<\/td><td class=\"column-5\"><center>19,0<\/td><td class=\"column-6\"><center>C1 F 018<\/td><td class=\"column-7\"><center>C1 H 018<\/td><td class=\"column-8\"><center>C1 M 018<\/td>\n<\/tr>\n<tr class=\"row-8\">\n\t<td class=\"column-1\"><center>22<\/td><td class=\"column-2\"><center>7\/8\"<\/td><td class=\"column-3\"><center>1\/2\"<\/td><td class=\"column-4\"><center>21,3<\/td><td class=\"column-5\"><center>23,0<\/td><td class=\"column-6\"><center>C1 F 022<\/td><td class=\"column-7\"><center>C1 H 022<\/td><td class=\"column-8\"><center>C1 M 022<\/td>\n<\/tr>\n<tr class=\"row-9\">\n\t<td class=\"column-1\"><center>25<\/td><td class=\"column-2\"><center>1\"<\/td><td class=\"column-3\"><center>-<\/td><td class=\"column-4\"><center>-<\/td><td class=\"column-5\"><center>26,0<\/td><td class=\"column-6\"><center>C1 F 025<\/td><td class=\"column-7\"><center>C1 H 025<\/td><td class=\"column-8\"><center>C1 M 025<\/td>\n<\/tr>\n<tr class=\"row-10\">\n\t<td class=\"column-1\"><center>28<\/td><td class=\"column-2\"><center>1.1\/8\"<\/td><td class=\"column-3\"><center>3\/4\"<\/td><td class=\"column-4\"><center>26,9<\/td><td class=\"column-5\"><center>29,0<\/td><td class=\"column-6\"><center>C1 F 028<\/td><td class=\"column-7\"><center>C1 H 028<\/td><td class=\"column-8\"><center>C1 M 028<\/td>\n<\/tr>\n<tr class=\"row-11\">\n\t<td class=\"column-1\"><center>32<\/td><td class=\"column-2\"><center>1.1\/4\"<\/td><td class=\"column-3\"><center>-<\/td><td class=\"column-4\"><center>-<\/td><td class=\"column-5\"><center>32,0<\/td><td class=\"column-6\"><center>C1 F 032<\/td><td class=\"column-7\"><center>C1 H 032<\/td><td class=\"column-8\"><center>C1 M 032<\/td>\n<\/tr>\n<tr class=\"row-12\">\n\t<td class=\"column-1\"><center>35<\/td><td class=\"column-2\"><center>1.3\/8\"<\/td><td class=\"column-3\"><center>1\"<\/td><td class=\"column-4\"><center>33,7<\/td><td class=\"column-5\"><center>36,0<\/td><td class=\"column-6\"><center>C1 F 035<\/td><td class=\"column-7\"><center>C1 H 035<\/td><td class=\"column-8\"><center>C1 M 035<\/td>\n<\/tr>\n<tr class=\"row-13\">\n\t<td class=\"column-1\"><center>38<\/td><td class=\"column-2\"><center>1.1\/2\"<\/td><td class=\"column-3\"><center>-<\/td><td class=\"column-4\"><center>-<\/td><td class=\"column-5\"><center>39,0<\/td><td class=\"column-6\"><center>C1 F 038<\/td><td class=\"column-7\"><center>C1 H 038<\/td><td class=\"column-8\"><center>C1 M 038<\/td>\n<\/tr>\n<tr class=\"row-14\">\n\t<td class=\"column-1\"><center>42<\/td><td class=\"column-2\"><center>1.5\/8\"<\/td><td class=\"column-3\"><center>1.1\/4\"<\/td><td class=\"column-4\"><center>42,4<\/td><td class=\"column-5\"><center>43,5<\/td><td class=\"column-6\"><center>C1 F 042<\/td><td class=\"column-7\"><center>C1 H 042<\/td><td class=\"column-8\"><center>C1 M 042<\/td>\n<\/tr>\n<tr class=\"row-15\">\n\t<td class=\"column-1\"><center>48<\/td><td class=\"column-2\"><center>1.7\/8\"<\/td><td class=\"column-3\"><center>1.1\/2\"<\/td><td class=\"column-4\"><center>48,3<\/td><td class=\"column-5\"><center>49,5<\/td><td class=\"column-6\"><center>C1 F 048<\/td><td class=\"column-7\"><center>C1 H 048<\/td><td class=\"column-8\"><center>C1 M 048<\/td>\n<\/tr>\n<tr class=\"row-16\">\n\t<td class=\"column-1\"><center>54<\/td><td class=\"column-2\"><center>2.1\/8\"<\/td><td class=\"column-3\"><center>-<\/td><td class=\"column-4\"><center>-<\/td><td class=\"column-5\"><center>55,0<\/td><td class=\"column-6\"><center>C1 F 054<\/td><td class=\"column-7\"><center>C1 H 054<\/td><td class=\"column-8\"><center>C1 M 054<\/td>\n<\/tr>\n<tr class=\"row-17\">\n\t<td class=\"column-1\"><center>60<\/td><td class=\"column-2\"><center>2.3\/8\"<\/td><td class=\"column-3\"><center>2\"<\/td><td class=\"column-4\"><center>60,3<\/td><td class=\"column-5\"><center>61,5<\/td><td class=\"column-6\"><center>C1 F 060<\/td><td class=\"column-7\"><center>C1 H 060<\/td><td class=\"column-8\"><center>C1 M 060<\/td>\n<\/tr>\n<tr class=\"row-18\">\n\t<td class=\"column-1\"><center>67<\/td><td class=\"column-2\"><center>2.5\/8\"<\/td><td class=\"column-3\"><center>-<\/td><td class=\"column-4\"><center>-<\/td><td class=\"column-5\"><center>67,0<\/td><td class=\"column-6\"><center>C1 F 067<\/td><td class=\"column-7\"><center>C1 H 067<\/td><td class=\"column-8\"><center>C1 M 067<\/td>\n<\/tr>\n<tr class=\"row-19\">\n\t<td class=\"column-1\"><center>76,2<\/td><td class=\"column-2\"><center>3\"<\/td><td class=\"column-3\"><center>2.1\/2\"<\/td><td class=\"column-4\"><center>76,1<\/td><td class=\"column-5\"><center>77,0<\/td><td class=\"column-6\"><center>C1 F 076<\/td><td class=\"column-7\"><center>C1 H 076<\/td><td class=\"column-8\"><center>C1 M 076<\/td>\n<\/tr>\n<tr class=\"row-20\">\n\t<td colspan=\"3\" class=\"column-1\">Toler\u00e2ncia na espessura<\/td><td class=\"column-4\"><\/td><td class=\"column-5\"><\/td><td class=\"column-6\"><center>\u00b1 1,5mm<\/td><td class=\"column-7\"><center>\u00b1 1,5mm<\/td><td class=\"column-8\"><center>\u00b1 2,5mm<\/td>\n<\/tr>\n<tr class=\"row-21\">\n\t<td colspan=\"3\" class=\"column-1\">Toler\u00e2ncia no comprimento<\/td><td class=\"column-4\"><\/td><td class=\"column-5\"><\/td><td class=\"column-6\"><\/td><td class=\"column-7\"><center>\u00b1 1,5mm<\/td><td class=\"column-8\"><\/td>\n<\/tr>\n<tr class=\"row-22\">\n\t<td colspan=\"3\" class=\"column-1\">Comprimento do tubo<\/td><td class=\"column-4\"><\/td><td class=\"column-5\"><\/td><td class=\"column-6\"><center>2000mm<\/td><td class=\"column-7\"><center>2000mm<\/td><td class=\"column-8\"><center>2000mm<\/td>\n<\/tr>\n<\/tbody>\n<\/table>\n<!-- #tablepress-9 from cache -->[\/vc_column_text][\/vc_column][\/vc_row]<\/p>\n<\/div>","protected":false},"excerpt":{"rendered":"<p>Isolante t\u00e9rmico em espuma elastom\u00e9rica Armacell C1BR em forma de tubos.<\/p>\n<p>\/\/ Estrutura de c\u00e9lulas fechadas<\/p>\n<p>\/\/ Baixa condutividade t\u00e9rmicas<\/p>\n<p>\/\/ Alta resist\u00eancia \u00e0 difus\u00e3o de vapor de \u00e1gua<\/p>\n","protected":false},"featured_media":1551,"template":"","meta":[],"product_brand":[],"product_cat":[59,57],"product_tag":[66,159,108,53,65,51,43,41,67],"class_list":{"0":"post-1548","1":"product","2":"type-product","3":"status-publish","4":"has-post-thumbnail","6":"product_cat-hvac","7":"product_cat-industria","8":"product_tag-armacell","9":"product_tag-armaflex","10":"product_tag-baixa-temperatura","11":"product_tag-construcao-civil","12":"product_tag-espuma-elastomerica","13":"product_tag-hvac","14":"product_tag-industria","15":"product_tag-manta","16":"product_tag-polipex","18":"first","19":"instock","20":"shipping-taxable","21":"product-type-simple"},"_links":{"self":[{"href":"https:\/\/isolan.com.br\/armacell\/wp-json\/wp\/v2\/product\/1548","targetHints":{"allow":["GET"]}}],"collection":[{"href":"https:\/\/isolan.com.br\/armacell\/wp-json\/wp\/v2\/product"}],"about":[{"href":"https:\/\/isolan.com.br\/armacell\/wp-json\/wp\/v2\/types\/product"}],"wp:featuredmedia":[{"embeddable":true,"href":"https:\/\/isolan.com.br\/armacell\/wp-json\/wp\/v2\/media\/1551"}],"wp:attachment":[{"href":"https:\/\/isolan.com.br\/armacell\/wp-json\/wp\/v2\/media?parent=1548"}],"wp:term":[{"taxonomy":"product_brand","embeddable":true,"href":"https:\/\/isolan.com.br\/armacell\/wp-json\/wp\/v2\/product_brand?post=1548"},{"taxonomy":"product_cat","embeddable":true,"href":"https:\/\/isolan.com.br\/armacell\/wp-json\/wp\/v2\/product_cat?post=1548"},{"taxonomy":"product_tag","embeddable":true,"href":"https:\/\/isolan.com.br\/armacell\/wp-json\/wp\/v2\/product_tag?post=1548"}],"curies":[{"name":"wp","href":"https:\/\/api.w.org\/{rel}","templated":true}]}}