{"id":1555,"date":"2018-02-05T18:04:23","date_gmt":"2018-02-05T18:04:23","guid":{"rendered":"https:\/\/isolan.com.br\/armacell\/?post_type=product&#038;p=1555"},"modified":"2020-11-19T13:37:59","modified_gmt":"2020-11-19T16:37:59","slug":"manta-armaduct","status":"publish","type":"product","link":"https:\/\/isolan.com.br\/armacell\/produtos\/manta-armaduct\/","title":{"rendered":"Manta Armaduct"},"content":{"rendered":"<blockquote><p>SISTEMA DE ISOLAMENTO T\u00c9RMICO PARA DUTOS DE CLIMATIZA\u00c7\u00c3O<\/p><\/blockquote>\n<p>Isolamento t\u00e9rmico em espuma elastom\u00e9rica flex\u00edvel de alto desempenho, com estrutura celular fechada.<\/p>\n<p>Material \u00e0 base de borracha sint\u00e9tica, cor preta, com op\u00e7\u00f5es de acabamento Adesivadas e Aluminizadas.<\/p>\n<p>&nbsp;<\/p>\n<p style=\"text-align: center;\">\n<table id=\"tablepress-7\" class=\"tablepress tablepress-id-7\">\n<thead>\n<tr class=\"row-1\">\n\t<th class=\"column-1\">PROPRIEDADES T\u00c9CNICAS<\/th><th class=\"column-2\">VALOR \/ QUALIFICA\u00c7\u00c3O<\/th><th class=\"column-3\">OBSERVA\u00c7\u00d5ES<\/th>\n<\/tr>\n<\/thead>\n<tbody class=\"row-striping\">\n<tr class=\"row-2\">\n\t<td class=\"column-1\">FAIXA DE TEMPERATURA DE UTILIZA\u00c7\u00c3O<\/td><td class=\"column-2\">+10\u00baC A +60\u00baC<\/td><td class=\"column-3\"><\/td>\n<\/tr>\n<tr class=\"row-3\">\n\t<td class=\"column-1\">CONDUTIVIDADE T\u00c9RMICA<\/td><td class=\"column-2\">\u03bb (0\u00baC) \u2264 0,034 W\/m.K<\/td><td class=\"column-3\">ASTC C518<\/td>\n<\/tr>\n<tr class=\"row-4\">\n\t<td class=\"column-1\">RESIST\u00caNCIA \u00c0 DIFUS\u00c3O DE VAPOR DE \u00c1GUA<\/td><td class=\"column-2\">\u00b5 \u2265 7000 (standard) \/ \u00b5 \u2265 15000 (aluminizada)<\/td><td class=\"column-3\">ASTM E96<\/td>\n<\/tr>\n<tr class=\"row-5\">\n\t<td class=\"column-1\">RESIST\u00caNCIA AO FOGO<\/td><td class=\"column-2\">CLASS 1 (BS-476\/7)<\/td><td class=\"column-3\">BS 476: part 7<\/td>\n<\/tr>\n<tr class=\"row-6\">\n\t<td class=\"column-1\">ESTRUTURA CELULAR<\/td><td class=\"column-2\">C\u00c9LULAS FECHADAS<\/td><td class=\"column-3\"><\/td>\n<\/tr>\n<tr class=\"row-7\">\n\t<td class=\"column-1\">OP\u00c7\u00d5ES DE ACABAMENTOS<\/td><td class=\"column-2\">ADESIVADA EM 1 FACE.<br \/>\nMETALIZADA EM 1 FACE.<br \/>\nADESIVADA E METALIZADA.<\/td><td class=\"column-3\"><\/td>\n<\/tr>\n<tr class=\"row-8\">\n\t<td class=\"column-1\">ESPESSURAS<\/td><td class=\"column-2\">10, 15, 25 E 30MM.<\/td><td class=\"column-3\"><\/td>\n<\/tr>\n<\/tbody>\n<\/table>\n<!-- #tablepress-7 from cache --><\/p>\n","protected":false},"excerpt":{"rendered":"<p>Manta em Espuma Elastom\u00e9rica com faces Adesivadas e Aluminizadas.<\/p>\n","protected":false},"featured_media":1556,"template":"","meta":[],"product_brand":[],"product_cat":[59,169],"product_tag":[66,52,65,51,41,67],"class_list":{"0":"post-1555","1":"product","2":"type-product","3":"status-publish","4":"has-post-thumbnail","6":"product_cat-hvac","7":"product_cat-isolamento-termico-acustico","8":"product_tag-armacell","9":"product_tag-duto","10":"product_tag-espuma-elastomerica","11":"product_tag-hvac","12":"product_tag-manta","13":"product_tag-polipex","15":"first","16":"instock","17":"shipping-taxable","18":"product-type-simple"},"_links":{"self":[{"href":"https:\/\/isolan.com.br\/armacell\/wp-json\/wp\/v2\/product\/1555","targetHints":{"allow":["GET"]}}],"collection":[{"href":"https:\/\/isolan.com.br\/armacell\/wp-json\/wp\/v2\/product"}],"about":[{"href":"https:\/\/isolan.com.br\/armacell\/wp-json\/wp\/v2\/types\/product"}],"wp:featuredmedia":[{"embeddable":true,"href":"https:\/\/isolan.com.br\/armacell\/wp-json\/wp\/v2\/media\/1556"}],"wp:attachment":[{"href":"https:\/\/isolan.com.br\/armacell\/wp-json\/wp\/v2\/media?parent=1555"}],"wp:term":[{"taxonomy":"product_brand","embeddable":true,"href":"https:\/\/isolan.com.br\/armacell\/wp-json\/wp\/v2\/product_brand?post=1555"},{"taxonomy":"product_cat","embeddable":true,"href":"https:\/\/isolan.com.br\/armacell\/wp-json\/wp\/v2\/product_cat?post=1555"},{"taxonomy":"product_tag","embeddable":true,"href":"https:\/\/isolan.com.br\/armacell\/wp-json\/wp\/v2\/product_tag?post=1555"}],"curies":[{"name":"wp","href":"https:\/\/api.w.org\/{rel}","templated":true}]}}