{"id":1559,"date":"2018-02-05T18:46:13","date_gmt":"2018-02-05T21:46:13","guid":{"rendered":"https:\/\/isolan.com.br\/armacell\/?post_type=product&#038;p=1559"},"modified":"2021-12-27T14:22:32","modified_gmt":"2021-12-27T17:22:32","slug":"adesivos-especiais","status":"publish","type":"product","link":"https:\/\/isolan.com.br\/armacell\/produtos\/adesivos-especiais\/","title":{"rendered":"Adesivos Especiais"},"content":{"rendered":"<div class=\"wpb-content-wrapper\"><p>[vc_row 0=&#8221;&#8221;][vc_column][vc_column_text 0=&#8221;&#8221;]Adesivo \u00e0 base de resinas sint\u00e9ticas de colagem forte e r\u00e1pida cura, indicado para uni\u00e3o de Espuma Elastom\u00e9rica e PEBD (Polietileno Expandido) tanto em instala\u00e7\u00f5es de calor como refrigera\u00e7\u00e3o.<\/p>\n<p>Ap\u00f3s seca, o Adesivo Armaflex 520S n\u00e3o \u00e9 inflam\u00e1vel e mant\u00e9m as mesmas propriedades de resist\u00eancia \u00e0 penetra\u00e7\u00e3o do vapor de \u00e1gua do Armaflex.<\/p>\n<p>[\/vc_column_text][vc_column_text]<strong>PROPRIEDADES<\/strong><\/p>\n\n<table id=\"tablepress-13\" class=\"tablepress tablepress-id-13\">\n<thead>\n<tr class=\"row-1\">\n\t<th class=\"column-1\">Propriedades<\/th><th class=\"column-2\">Valor \/ Qualifica\u00e7\u00e3o<\/th><th class=\"column-3\">Observa\u00e7\u00f5es<\/th>\n<\/tr>\n<\/thead>\n<tbody class=\"row-striping row-hover\">\n<tr class=\"row-2\">\n\t<td class=\"column-1\">Temperatura de trabalho<\/td><td class=\"column-2\">-50\u00baC a +110\u00baC<\/td><td class=\"column-3\">+85\u00baC para colagem em superf\u00edcies planas<\/td>\n<\/tr>\n<tr class=\"row-3\">\n\t<td class=\"column-1\">Classe de transporte<\/td><td class=\"column-2\">Grupo de embalagem II<br \/>\nClasse de risco 3<br \/>\nMais informa\u00e7\u00f5es consultar FISPQ<\/td><td class=\"column-3\"><\/td>\n<\/tr>\n<tr class=\"row-4\">\n\t<td class=\"column-1\">Tempo de secagem<\/td><td class=\"column-2\">Filme 250 \u00b5m sobre vidro (20\u00baC\/UR 65%)<br \/>\nTempo m\u00ednimo de secagem = 3 minutos<br \/>\nTempo em aberto = 2 minutos (\"Tack\" ativo ap\u00f3s secagem).<\/td><td class=\"column-3\">Os tempos podem variar em fun\u00e7\u00e3o da quantidade aplicada e condi\u00e7\u00f5es ambiente.<\/td>\n<\/tr>\n<\/tbody>\n<\/table>\n<!-- #tablepress-13 from cache -->\n<p><strong>TABELA DE RENDIMENTO<\/strong><\/p>\n\n<table id=\"tablepress-14\" class=\"tablepress tablepress-id-14\">\n<thead>\n<tr class=\"row-1\">\n\t<th class=\"column-1\"><center>Linha F<br \/>\n(09mm)<\/th><th class=\"column-2\"><center>Linha H<br \/>\n(13mm)<\/th><th class=\"column-3\"><center>Linha M<br \/>\n(19mm)<\/th><th class=\"column-4\"><center>Linha R<br \/>\n(25mm)<\/th><th class=\"column-5\"><center>Linha T<br \/>\n(32mm)<\/th><th class=\"column-6\"><center>Linha U<br \/>\n(44mm)<\/th>\n<\/tr>\n<\/thead>\n<tbody class=\"row-striping row-hover\">\n<tr class=\"row-2\">\n\t<td class=\"column-1\"><center>\u00d8 at\u00e9 35 mm 350 tubos\/l<\/td><td class=\"column-2\"><center>\u00d8 at\u00e9 35 mm 300 tubos\/l<\/td><td class=\"column-3\"><center>\u00d8 at\u00e9 35 mm 250 tubos\/l<\/td><td class=\"column-4\"><center>\u00d8 at\u00e9 35 mm 180 tubos\/l<\/td><td class=\"column-5\"><center>\u00d8 at\u00e9 35 mm 160 tubos\/l<\/td><td class=\"column-6\"><center>\u00d8 at\u00e9 35 mm 130 tubos\/l<\/td>\n<\/tr>\n<tr class=\"row-3\">\n\t<td class=\"column-1\"><center>\u00d8 at\u00e9 60 mm 200 tubos\/l<\/td><td class=\"column-2\"><center>\u00d8 at\u00e9 60 mm 190 tubos\/l<\/td><td class=\"column-3\"><center>\u00d8 at\u00e9 60 mm 165 tubos\/l<\/td><td class=\"column-4\"><center>\u00d8 at\u00e9 60 mm 120 tubos\/l<\/td><td class=\"column-5\"><center>\u00d8 at\u00e9 60 mm 110 tubos\/l<\/td><td class=\"column-6\"><center>\u00d8 at\u00e9 60 mm 85 tubos\/l<\/td>\n<\/tr>\n<tr class=\"row-4\">\n\t<td class=\"column-1\"><center>\u00d8 at\u00e9 76 mm 180 tubos\/l<\/td><td class=\"column-2\"><center>\u00d8 at\u00e9 76 mm 160 tubos\/l<\/td><td class=\"column-3\"><center>\u00d8 at\u00e9 114 mm 90 tubos\/l<\/td><td class=\"column-4\"><center>\u00d8 at\u00e9 114 mm 80 tubos\/l<\/td><td class=\"column-5\"><center>\u00d8 at\u00e9 114 mm 60 tubos\/l<\/td><td class=\"column-6\"><center>\u00d8 at\u00e9 60 mm 85 tubos\/l<\/td>\n<\/tr>\n<tr class=\"row-5\">\n\t<td class=\"column-1\"><center>-<\/td><td class=\"column-2\"><center>-<\/td><td class=\"column-3\"><center>\u00d8 at\u00e9 168 mm 65 tubos\/l<\/td><td class=\"column-4\"><center>\u00d8 at\u00e9 168 mm 48 tubos\/l<\/td><td class=\"column-5\"><center>\u00d8 at\u00e9 168 mm 40 tubos\/l<\/td><td class=\"column-6\"><center>-<\/td>\n<\/tr>\n<\/tbody>\n<\/table>\n<!-- #tablepress-14 from cache -->\n<p><strong>MODO DE USAR<\/strong><\/p>\n<ul>\n<li>Agitar o produto antes de utiliz\u00e1-lo, para total homogeneiza\u00e7\u00e3o.<\/li>\n<li>Limpar a superf\u00edcie a ser colada para se obter uma ader\u00eancia confi\u00e1vel e duradoura.<\/li>\n<li>Aplicar uma fina camada do adesivo em ambas as superf\u00edcies a serem unidas.<\/li>\n<li>Aguardar alguns minutos at\u00e9 que o adesivo n\u00e3o grude nos dedos ao toc\u00e1-lo, unir firmemente as partes do isolamento.<\/li>\n<\/ul>\n<p>[\/vc_column_text][vc_row_inner][vc_column_inner width=&#8221;1\/2&#8243;]<div class=\"text-left\"><h2 style=\"color:\">INFORMA\u00c7\u00d5ES COMPLEMENTARES<\/h2><div class=\"edge-seprator\"><\/div><\/div>[vc_empty_space][vc_btn title=&#8221;Ficha de Seguran\u00e7a&#8221; shape=&#8221;square&#8221; color=&#8221;primary&#8221; size=&#8221;lg&#8221; i_icon_fontawesome=&#8221;fa fa-file-text-o&#8221; add_icon=&#8221;true&#8221; link=&#8221;url:https%3A%2F%2Fisolan.com.br%2Farmacell%2Fwp-content%2Fdocs%2Fisolan_fispq_adesivo520s.pdf||target:%20_blank|&#8221;][\/vc_column_inner][vc_column_inner width=&#8221;1\/2&#8243;][\/vc_column_inner][\/vc_row_inner][\/vc_column][\/vc_row]<\/p>\n<\/div>","protected":false},"excerpt":{"rendered":"<p>Adesivo \u00e0 base de resinas sint\u00e9ticas de colagem forte e r\u00e1pida cura, indicado para uni\u00e3o de Espuma Elastom\u00e9rica e PEBD (Polietileno Expandido) tanto em instala\u00e7\u00f5es de calor como refrigera\u00e7\u00e3o.<\/p>\n","protected":false},"featured_media":2102,"template":"","meta":[],"product_brand":[],"product_cat":[68,59],"product_tag":[158,69,66,51,67],"class_list":{"0":"post-1559","1":"product","2":"type-product","3":"status-publish","4":"has-post-thumbnail","6":"product_cat-acessorios","7":"product_cat-hvac","8":"product_tag-520s","9":"product_tag-adesivo","10":"product_tag-armacell","11":"product_tag-hvac","12":"product_tag-polipex","14":"first","15":"instock","16":"shipping-taxable","17":"product-type-simple"},"_links":{"self":[{"href":"https:\/\/isolan.com.br\/armacell\/wp-json\/wp\/v2\/product\/1559","targetHints":{"allow":["GET"]}}],"collection":[{"href":"https:\/\/isolan.com.br\/armacell\/wp-json\/wp\/v2\/product"}],"about":[{"href":"https:\/\/isolan.com.br\/armacell\/wp-json\/wp\/v2\/types\/product"}],"wp:featuredmedia":[{"embeddable":true,"href":"https:\/\/isolan.com.br\/armacell\/wp-json\/wp\/v2\/media\/2102"}],"wp:attachment":[{"href":"https:\/\/isolan.com.br\/armacell\/wp-json\/wp\/v2\/media?parent=1559"}],"wp:term":[{"taxonomy":"product_brand","embeddable":true,"href":"https:\/\/isolan.com.br\/armacell\/wp-json\/wp\/v2\/product_brand?post=1559"},{"taxonomy":"product_cat","embeddable":true,"href":"https:\/\/isolan.com.br\/armacell\/wp-json\/wp\/v2\/product_cat?post=1559"},{"taxonomy":"product_tag","embeddable":true,"href":"https:\/\/isolan.com.br\/armacell\/wp-json\/wp\/v2\/product_tag?post=1559"}],"curies":[{"name":"wp","href":"https:\/\/api.w.org\/{rel}","templated":true}]}}