{"id":1562,"date":"2018-02-05T18:50:03","date_gmt":"2018-02-05T18:50:03","guid":{"rendered":"https:\/\/isolan.com.br\/armacell\/?post_type=product&#038;p=1562"},"modified":"2020-01-31T13:24:03","modified_gmt":"2020-01-31T16:24:03","slug":"fita-de-acabamento","status":"publish","type":"product","link":"https:\/\/isolan.com.br\/armacell\/produtos\/fita-de-acabamento\/","title":{"rendered":"Fita de Acabamento"},"content":{"rendered":"<div class=\"wpb-content-wrapper\"><p>[vc_row][vc_column][vc_column_text]Fita adesiva de acabamento e preenchimento para aplica\u00e7\u00f5es de isolamento t\u00e9rmico em espuma elastom\u00e9rica refor\u00e7ada com fios e tramas.<\/p>\n<ul>\n<li>Livre de fibras;<\/li>\n<li>Resistente a umidade;<\/li>\n<li>Pronto para aplicar, n\u00e3o necessita cinta, arame ou adesivo;<\/li>\n<li>Perfeito para \u00e1reas de dif\u00edcil acesso ou com acidentes (v\u00e1lvulas);<\/li>\n<li>Acabamento perfeito nos pontos de corte e cola.<\/li>\n<\/ul>\n<p>[\/vc_column_text][\/vc_column][\/vc_row]<\/p>\n<\/div>","protected":false},"excerpt":{"rendered":"<p>Fita adesiva de acabamento e preenchimento para aplica\u00e7\u00f5es de isolamento t\u00e9rmico em espuma elastom\u00e9rica.<\/p>\n","protected":false},"featured_media":2199,"template":"","meta":[],"product_brand":[],"product_cat":[68,59],"product_tag":[66,65,70,51,67],"class_list":{"0":"post-1562","1":"product","2":"type-product","3":"status-publish","4":"has-post-thumbnail","6":"product_cat-acessorios","7":"product_cat-hvac","8":"product_tag-armacell","9":"product_tag-espuma-elastomerica","10":"product_tag-fita","11":"product_tag-hvac","12":"product_tag-polipex","14":"first","15":"instock","16":"shipping-taxable","17":"product-type-simple"},"_links":{"self":[{"href":"https:\/\/isolan.com.br\/armacell\/wp-json\/wp\/v2\/product\/1562","targetHints":{"allow":["GET"]}}],"collection":[{"href":"https:\/\/isolan.com.br\/armacell\/wp-json\/wp\/v2\/product"}],"about":[{"href":"https:\/\/isolan.com.br\/armacell\/wp-json\/wp\/v2\/types\/product"}],"wp:featuredmedia":[{"embeddable":true,"href":"https:\/\/isolan.com.br\/armacell\/wp-json\/wp\/v2\/media\/2199"}],"wp:attachment":[{"href":"https:\/\/isolan.com.br\/armacell\/wp-json\/wp\/v2\/media?parent=1562"}],"wp:term":[{"taxonomy":"product_brand","embeddable":true,"href":"https:\/\/isolan.com.br\/armacell\/wp-json\/wp\/v2\/product_brand?post=1562"},{"taxonomy":"product_cat","embeddable":true,"href":"https:\/\/isolan.com.br\/armacell\/wp-json\/wp\/v2\/product_cat?post=1562"},{"taxonomy":"product_tag","embeddable":true,"href":"https:\/\/isolan.com.br\/armacell\/wp-json\/wp\/v2\/product_tag?post=1562"}],"curies":[{"name":"wp","href":"https:\/\/api.w.org\/{rel}","templated":true}]}}