{"id":1960,"date":"2018-03-05T17:15:01","date_gmt":"2018-03-05T17:15:01","guid":{"rendered":"https:\/\/isolan.com.br\/armacell\/?post_type=product&#038;p=1960"},"modified":"2018-03-21T20:08:55","modified_gmt":"2018-03-21T20:08:55","slug":"revestimento-aluminio-inox","status":"publish","type":"product","link":"https:\/\/isolan.com.br\/armacell\/produtos\/revestimento-aluminio-inox\/","title":{"rendered":"Revestimentos"},"content":{"rendered":"<div class=\"wpb-content-wrapper\"><p>[vc_row][vc_column width=&#8221;1\/3&#8243;][vc_gallery interval=&#8221;3&#8243; images=&#8221;1704&#8243; img_size=&#8221;full&#8221; onclick=&#8221;&#8221;][\/vc_column][vc_column width=&#8221;2\/3&#8243;]<div class=\"text-left\"><h2 style=\"color:\">Alum\u00ednio Corrugado<\/h2><div class=\"edge-seprator\"><\/div><\/div>[vc_column_text]Bobina em alum\u00ednio corrugado com ou sem barreira contra condensa\u00e7\u00e3o. Indicado para prote\u00e7\u00e3o e acabamento dos isolamentos t\u00e9rmicos em tubula\u00e7\u00f5es e equipamentos.<\/p>\n<ul class=\"list\">\n<li>Materiais: Alum\u00ednio, ligas 3003\/5005, dureza H14 a H18<\/li>\n<li>Largura: 910mm (36&#8243;)<\/li>\n<li>Espessuras: 0,15mm \/ 0,40mm<\/li>\n<li>Corruga\u00e7\u00e3o: 3\/16&#8243; (4,8mm) \/ 5\/16&#8243; (7,5mm)<\/li>\n<li>Embalagem: Rolos de 50m (0,15mm) \/ Rolos de 25m (0,40mm)<\/li>\n<\/ul>\n<p>[\/vc_column_text][\/vc_column][\/vc_row][vc_row][vc_column][vc_separator][\/vc_column][\/vc_row][vc_row][vc_column width=&#8221;1\/3&#8243;][vc_gallery interval=&#8221;3&#8243; images=&#8221;1710&#8243; img_size=&#8221;full&#8221; onclick=&#8221;&#8221;][\/vc_column][vc_column width=&#8221;2\/3&#8243;]<div class=\"text-left\"><h2 style=\"color:\">Alum\u00ednio Liso<\/h2><div class=\"edge-seprator\"><\/div><\/div>[vc_column_text]Alum\u00ednio Liso dispon\u00edvel em bobinas ou chapas para revestimentos de isolamento t\u00e9rmico.<\/p>\n<ul class=\"list\">\n<li>Material: Alum\u00ednio, ligas 3003 ou 1200, dureza H14<\/li>\n<li>Espessuras: 0,40 \/ 0,50 \/ 0,60 \/ 0,70 \/ 0,80mm<\/li>\n<li>Largura: 1000mm<\/li>\n<li>Comprimento: 2,0m para Chapas \/ at\u00e9 100m para Bobinas<\/li>\n<\/ul>\n<p>[\/vc_column_text][\/vc_column][\/vc_row][vc_row][vc_column][vc_separator][\/vc_column][\/vc_row][vc_row][vc_column width=&#8221;1\/3&#8243;][vc_gallery interval=&#8221;0&#8243; images=&#8221;2016&#8243; img_size=&#8221;full&#8221; onclick=&#8221;&#8221;][\/vc_column][vc_column width=&#8221;2\/3&#8243;]<div class=\"text-left\"><h2 style=\"color:\">A\u00e7o Inoxid\u00e1vel<\/h2><div class=\"edge-seprator\"><\/div><\/div>[vc_column_text]Chapas ou Bobinas de a\u00e7o inox para revestimento de isolamentos t\u00e9rmicos. S\u00e3o muito utilizados nas ind\u00fastrias aliment\u00edcias e farmaceuticas.<\/p>\n<ul class=\"list\">\n<li>Materiais: A\u00e7o Inoxid\u00e1vel, tipos 304 (escovado) ou 430 (polido)<\/li>\n<li>Espessuras: 0,40 \/ 0,50 \/ 0,60mm<\/li>\n<li>Larguras: 1050 \/ 1240 \/ 1250mm<\/li>\n<li>Comprimento: 2,0m para Chapas \/ at\u00e9 100m para Bobinas<\/li>\n<\/ul>\n<p>[\/vc_column_text][\/vc_column][\/vc_row]<\/p>\n<\/div>","protected":false},"excerpt":{"rendered":"<p>Ampla linha de materiais para revestimento de Isolamento T\u00e9rmico em A\u00e7o Inoxid\u00e1vel e Alum\u00ednio Liso ou Corrugado.<\/p>\n","protected":false},"featured_media":1704,"template":"","meta":[],"product_brand":[],"product_cat":[68],"product_tag":[96,82,95,94,84,81],"class_list":{"0":"post-1960","1":"product","2":"type-product","3":"status-publish","4":"has-post-thumbnail","6":"product_cat-acessorios","7":"product_tag-aco","8":"product_tag-aluminio","9":"product_tag-bobina","10":"product_tag-chapa","11":"product_tag-inox","12":"product_tag-revestimento","14":"first","15":"instock","16":"shipping-taxable","17":"product-type-simple"},"_links":{"self":[{"href":"https:\/\/isolan.com.br\/armacell\/wp-json\/wp\/v2\/product\/1960","targetHints":{"allow":["GET"]}}],"collection":[{"href":"https:\/\/isolan.com.br\/armacell\/wp-json\/wp\/v2\/product"}],"about":[{"href":"https:\/\/isolan.com.br\/armacell\/wp-json\/wp\/v2\/types\/product"}],"wp:featuredmedia":[{"embeddable":true,"href":"https:\/\/isolan.com.br\/armacell\/wp-json\/wp\/v2\/media\/1704"}],"wp:attachment":[{"href":"https:\/\/isolan.com.br\/armacell\/wp-json\/wp\/v2\/media?parent=1960"}],"wp:term":[{"taxonomy":"product_brand","embeddable":true,"href":"https:\/\/isolan.com.br\/armacell\/wp-json\/wp\/v2\/product_brand?post=1960"},{"taxonomy":"product_cat","embeddable":true,"href":"https:\/\/isolan.com.br\/armacell\/wp-json\/wp\/v2\/product_cat?post=1960"},{"taxonomy":"product_tag","embeddable":true,"href":"https:\/\/isolan.com.br\/armacell\/wp-json\/wp\/v2\/product_tag?post=1960"}],"curies":[{"name":"wp","href":"https:\/\/api.w.org\/{rel}","templated":true}]}}