{"id":2316,"date":"2021-10-27T15:02:26","date_gmt":"2021-10-27T18:02:26","guid":{"rendered":"https:\/\/isolan.com.br\/armacell\/?post_type=product&#038;p=2316"},"modified":"2021-12-23T15:46:59","modified_gmt":"2021-12-23T18:46:59","slug":"tinta-armafinish","status":"publish","type":"product","link":"https:\/\/isolan.com.br\/armacell\/produtos\/tinta-armafinish\/","title":{"rendered":"Tinta Armafinish"},"content":{"rendered":"<div class=\"wpb-content-wrapper\"><p>[vc_row 0=&#8221;&#8221;][vc_column][vc_column_text 0=&#8221;&#8221;]Tinta Armafinish elastom\u00e9rica a base de \u00e1gua de alto desempenho resistente \u00e0s intemp\u00e9ries e radia\u00e7\u00e3o UV, indicado para prote\u00e7\u00e3o de isolantes t\u00e9rmicos Armacell em ambientes externos ou sujeitos \u00e0 incid\u00eancia de radia\u00e7\u00e3o UV direta ou indiretamente.<\/p>\n<p>[\/vc_column_text][vc_column_text]<strong>PROPRIEDADES<\/strong><\/p>\n<p>Cor: Branca.<\/p>\n<p>Embalagem: 3,6 litros.<\/p>\n<p>Rendimento: 6 m\u00b2\/l para aplica\u00e7\u00e3o em uma dem\u00e3o.<\/p>\n<p><strong>INSTRU\u00c7\u00d5ES DE USO<\/strong><\/p>\n<p>O isolamento t\u00e9rmico deve ser protegido da a\u00e7\u00e3o dos raios UV ap\u00f3s 36 horas e antes de passados 4 dias da sua instala\u00e7\u00e3o. Aplicar com pincel ou trincha. O produto dever\u00e1 ser aplicado sobre os isolantes t\u00e9rmicos da\u00a0 Armacell em duas dem\u00e3os, sendo necess\u00e1rio um tempo m\u00ednimo de 4 horas (ou at\u00e9 a secagem aparente da primeira dem\u00e3o) entre as dem\u00e3os. A aplica\u00e7\u00e3o das dem\u00e3os em dire\u00e7\u00f5es perpendiculares \u00e9 o recomendado para a efici\u00eancia m\u00e1xima esperada do produto. A superf\u00edcie do isolamento t\u00e9rmico dever\u00e1 estar limpa, livre de p\u00f3, \u00f3leo e sujidades.<br \/>\nO produto n\u00e3o deve ser dilu\u00eddo para a aplica\u00e7\u00e3o. A limpeza das m\u00e3os e dos equipamentos de pintura dever\u00e1 ser feita com \u00e1gua e sab\u00e3o enquanto o produto ainda estiver fresco.[\/vc_column_text][vc_row_inner][vc_column_inner width=&#8221;1\/2&#8243;]<div class=\"text-left\"><h2 style=\"color:\">INFORMA\u00c7\u00d5ES COMPLEMENTARES<\/h2><div class=\"edge-seprator\"><\/div><\/div>[vc_empty_space][vc_btn title=&#8221;Ficha de Seguran\u00e7a&#8221; style=&#8221;flat&#8221; shape=&#8221;square&#8221; color=&#8221;primary&#8221; size=&#8221;lg&#8221; i_icon_fontawesome=&#8221;fa fa-flask&#8221; add_icon=&#8221;true&#8221; link=&#8221;url:https%3A%2F%2Fisolan.com.br%2Farmacell%2Fwp-content%2Fdocs%2Fisolan_fispq_armafinish.pdf||target:%20_blank|&#8221;][\/vc_column_inner][vc_column_inner width=&#8221;1\/2&#8243;][\/vc_column_inner][\/vc_row_inner][\/vc_column][\/vc_row]<\/p>\n<\/div>","protected":false},"excerpt":{"rendered":"<p>Tinta flex\u00edvel de alto desempenho para prote\u00e7\u00e3o dos sistemas de isolamento t\u00e9rmico de espuma elastom\u00e9rica.<\/p>\n","protected":false},"featured_media":2317,"template":"","meta":[],"product_brand":[],"product_cat":[68,59],"product_tag":[66,162,51,161],"class_list":{"0":"post-2316","1":"product","2":"type-product","3":"status-publish","4":"has-post-thumbnail","6":"product_cat-acessorios","7":"product_cat-hvac","8":"product_tag-armacell","9":"product_tag-armafinish","10":"product_tag-hvac","11":"product_tag-tinta","13":"first","14":"instock","15":"shipping-taxable","16":"product-type-simple"},"_links":{"self":[{"href":"https:\/\/isolan.com.br\/armacell\/wp-json\/wp\/v2\/product\/2316","targetHints":{"allow":["GET"]}}],"collection":[{"href":"https:\/\/isolan.com.br\/armacell\/wp-json\/wp\/v2\/product"}],"about":[{"href":"https:\/\/isolan.com.br\/armacell\/wp-json\/wp\/v2\/types\/product"}],"wp:featuredmedia":[{"embeddable":true,"href":"https:\/\/isolan.com.br\/armacell\/wp-json\/wp\/v2\/media\/2317"}],"wp:attachment":[{"href":"https:\/\/isolan.com.br\/armacell\/wp-json\/wp\/v2\/media?parent=2316"}],"wp:term":[{"taxonomy":"product_brand","embeddable":true,"href":"https:\/\/isolan.com.br\/armacell\/wp-json\/wp\/v2\/product_brand?post=2316"},{"taxonomy":"product_cat","embeddable":true,"href":"https:\/\/isolan.com.br\/armacell\/wp-json\/wp\/v2\/product_cat?post=2316"},{"taxonomy":"product_tag","embeddable":true,"href":"https:\/\/isolan.com.br\/armacell\/wp-json\/wp\/v2\/product_tag?post=2316"}],"curies":[{"name":"wp","href":"https:\/\/api.w.org\/{rel}","templated":true}]}}