{"id":2453,"date":"2023-12-21T15:42:57","date_gmt":"2023-12-21T18:42:57","guid":{"rendered":"https:\/\/isolan.com.br\/?post_type=product&#038;p=2453"},"modified":"2024-10-21T13:39:53","modified_gmt":"2024-10-21T16:39:53","slug":"revestimentos-aluclad","status":"publish","type":"product","link":"https:\/\/isolan.com.br\/armacell\/produtos\/revestimentos-aluclad\/","title":{"rendered":"Aluclad"},"content":{"rendered":"<div class=\"wpb-content-wrapper\"><p>[vc_row][vc_column width=&#8221;1\/3&#8243;][vc_gallery interval=&#8221;3&#8243; images=&#8221;2450,2448&#8243; img_size=&#8221;full&#8221; onclick=&#8221;&#8221;][\/vc_column][vc_column width=&#8221;2\/3&#8243;]<div class=\"text-left\"><h2 style=\"color:\">Revestimento Aluclad<\/h2><div class=\"edge-seprator\"><\/div><\/div>[vc_column_text css=&#8221;&#8221;]Revestimento multilaminado com PVC, alum\u00ednio e pel\u00edcula anti UV. Indicado para prote\u00e7\u00e3o mec\u00e2nica, prote\u00e7\u00e3o contra intemp\u00e9ries e barreira de vapor para isolamento t\u00e9rmico aplicado em tubula\u00e7\u00f5es, redes de dutos, tanques em sistemas de refrigera\u00e7\u00e3o, ar condicionado e ind\u00fastrias aliment\u00edcia e farmac\u00eautica.<\/p>\n<ul class=\"list\">\n<li>Materiais: PVC, alum\u00ednio e pel\u00edcula anti UV<\/li>\n<li>Largura: 1200mm (espessura 0,35mm) \/ 1040mm (espessuras 0,50 e 0,75mm)<\/li>\n<li>Espessuras: 0,35mm \/ 0,50mm \/ 0,75mm<\/li>\n<li>Embalagem: Rolos de 30m\u00b2 (espessura 0,35mm) \/ Rolos de 26m\u00b2 (espessuras 0,50 e 0,75mm)<\/li>\n<\/ul>\n<p>[\/vc_column_text][\/vc_column][\/vc_row][vc_row][vc_column][vc_separator][\/vc_column][\/vc_row][vc_row][vc_column width=&#8221;1\/3&#8243;][vc_gallery interval=&#8221;3&#8243; images=&#8221;2452,2454,2455&#8243; img_size=&#8221;full&#8221; onclick=&#8221;&#8221;][\/vc_column][vc_column width=&#8221;2\/3&#8243;]<div class=\"text-left\"><h2 style=\"color:\">Acess\u00f3rios<\/h2><div class=\"edge-seprator\"><\/div><\/div>[vc_column_text css=&#8221;&#8221;]Rebitador e rebites pl\u00e1sticos.<\/p>\n<p>Fita adesiva aluminizada 45mm x 45 metros.<\/p>\n<p>Esp\u00e1tula.[\/vc_column_text][\/vc_column][\/vc_row]<\/p>\n<\/div>","protected":false},"excerpt":{"rendered":"<p>Revestimento multilaminado com PVC, alum\u00ednio e pel\u00edcula anti UV, indicado para prote\u00e7\u00e3o mec\u00e2nica, prote\u00e7\u00e3o contra intemp\u00e9ries e barreira de vapor para isolamento t\u00e9rmico.<\/p>\n","protected":false},"featured_media":2489,"template":"","meta":[],"product_brand":[],"product_cat":[68,59],"product_tag":[82,66,95,94,81],"class_list":{"0":"post-2453","1":"product","2":"type-product","3":"status-publish","4":"has-post-thumbnail","6":"product_cat-acessorios","7":"product_cat-hvac","8":"product_tag-aluminio","9":"product_tag-armacell","10":"product_tag-bobina","11":"product_tag-chapa","12":"product_tag-revestimento","14":"first","15":"instock","16":"shipping-taxable","17":"product-type-simple"},"_links":{"self":[{"href":"https:\/\/isolan.com.br\/armacell\/wp-json\/wp\/v2\/product\/2453","targetHints":{"allow":["GET"]}}],"collection":[{"href":"https:\/\/isolan.com.br\/armacell\/wp-json\/wp\/v2\/product"}],"about":[{"href":"https:\/\/isolan.com.br\/armacell\/wp-json\/wp\/v2\/types\/product"}],"wp:featuredmedia":[{"embeddable":true,"href":"https:\/\/isolan.com.br\/armacell\/wp-json\/wp\/v2\/media\/2489"}],"wp:attachment":[{"href":"https:\/\/isolan.com.br\/armacell\/wp-json\/wp\/v2\/media?parent=2453"}],"wp:term":[{"taxonomy":"product_brand","embeddable":true,"href":"https:\/\/isolan.com.br\/armacell\/wp-json\/wp\/v2\/product_brand?post=2453"},{"taxonomy":"product_cat","embeddable":true,"href":"https:\/\/isolan.com.br\/armacell\/wp-json\/wp\/v2\/product_cat?post=2453"},{"taxonomy":"product_tag","embeddable":true,"href":"https:\/\/isolan.com.br\/armacell\/wp-json\/wp\/v2\/product_tag?post=2453"}],"curies":[{"name":"wp","href":"https:\/\/api.w.org\/{rel}","templated":true}]}}